{"id":1266,"date":"2025-07-14T15:09:57","date_gmt":"2025-07-14T13:09:57","guid":{"rendered":"https:\/\/www.asinoamico.it\/?page_id=1266"},"modified":"2025-10-20T12:29:48","modified_gmt":"2025-10-20T10:29:48","slug":"alpakas","status":"publish","type":"page","link":"https:\/\/www.asinoamico.it\/it\/alpakas\/","title":{"rendered":"Alpaca"},"content":{"rendered":"<p style=\"font-size:19px;line-height:1.7\">Gli alpaca sono animali curiosi. Ci vuole un po\u2019 per farli innervosire, ma quando succede possono difendersi sputando. Originari delle Ande in Sud America, venivano allevati principalmente per la loro pregiata e bella lana. Oggi vengono anche tenuti come animali da compagnia. Il loro superpotere \u00e8 la capacit\u00e0 di contagiare le persone con la loro calma e dolcezza!<\/p>\n\n\n\n<p><\/p>\n\n\n\n<div class=\"wp-block-media-text is-stacked-on-mobile has-background\" style=\"background-color:#42853e59\"><figure class=\"wp-block-media-text__media\"><img decoding=\"async\" width=\"1024\" height=\"1024\" data-src=\"https:\/\/www.asinoamico.it\/wp-content\/uploads\/sites\/36\/2025\/10\/Asino-Amico-111-scaled-e1760951284494-1024x1024.jpg\" alt=\"\" class=\"wp-image-2614 size-full lazyload\" data-srcset=\"https:\/\/www.asinoamico.it\/wp-content\/uploads\/sites\/36\/2025\/10\/Asino-Amico-111-scaled-e1760951284494-1024x1024.jpg 1024w, https:\/\/www.asinoamico.it\/wp-content\/uploads\/sites\/36\/2025\/10\/Asino-Amico-111-scaled-e1760951284494-300x300.jpg 300w, https:\/\/www.asinoamico.it\/wp-content\/uploads\/sites\/36\/2025\/10\/Asino-Amico-111-scaled-e1760951284494-150x150.jpg 150w, https:\/\/www.asinoamico.it\/wp-content\/uploads\/sites\/36\/2025\/10\/Asino-Amico-111-scaled-e1760951284494-768x768.jpg 768w, https:\/\/www.asinoamico.it\/wp-content\/uploads\/sites\/36\/2025\/10\/Asino-Amico-111-scaled-e1760951284494-1536x1536.jpg 1536w, https:\/\/www.asinoamico.it\/wp-content\/uploads\/sites\/36\/2025\/10\/Asino-Amico-111-scaled-e1760951284494-12x12.jpg 12w, https:\/\/www.asinoamico.it\/wp-content\/uploads\/sites\/36\/2025\/10\/Asino-Amico-111-scaled-e1760951284494.jpg 1707w\" data-sizes=\"(max-width: 1024px) 100vw, 1024px\" src=\"data:image\/svg+xml;base64,PHN2ZyB3aWR0aD0iMSIgaGVpZ2h0PSIxIiB4bWxucz0iaHR0cDovL3d3dy53My5vcmcvMjAwMC9zdmciPjwvc3ZnPg==\" style=\"--smush-placeholder-width: 1024px; --smush-placeholder-aspect-ratio: 1024\/1024;\" \/><\/figure><div class=\"wp-block-media-text__content\">\n<p style=\"font-size:19px;line-height:1.7\" class=\"translation-block\"><strong><br>Al<\/strong><br><br>Al viene dalla splendida Val Gardena e, insieme al suo amico Pako, \u00e8 stato un meraviglioso regalo di compleanno per me (Elisa). \u00c8 un alpaca un po\u2019 \u201cfuori dal comune\u201d, perch\u00e9 adora il contatto con le persone. Per lui non c\u2019\u00e8 niente di meglio delle coccole\u2026 a parte forse un po\u2019 di tarassaco! Al \u00e8 un vero portatore di buonumore: trascorrere del tempo con lui fa sempre sorridere, perch\u00e9 riesce sempre a combinare qualcosa di buffo. A volte regala anche qualche bacino ai suoi ospiti!<\/p>\n<\/div><\/div>\n\n\n\n<p><\/p>\n\n\n\n<p><\/p>\n\n\n\n<div class=\"wp-block-media-text has-media-on-the-right is-stacked-on-mobile has-background\" style=\"background-color:#e3812085\"><div class=\"wp-block-media-text__content\">\n<p style=\"font-size:19px;line-height:1.7\" class=\"translation-block\"><strong>Pako<\/strong><br><br>Pako viene dal Renon ed \u00e8 arrivato da noi lo stesso giorno di Al. \u00c8 incredibilmente curioso e vorrebbe sempre essere al centro dell\u2019attenzione. Quando arrivano ospiti, \u00e8 sempre il primo a dare il benvenuto a tutti! A differenza di Al, non ama particolarmente le coccole, ma adora andare a spasso e fare lunghe passeggiate insieme.<\/p>\n\n\n\n<p><\/p>\n<\/div><figure class=\"wp-block-media-text__media\"><img decoding=\"async\" width=\"1024\" height=\"1024\" data-src=\"https:\/\/www.asinoamico.it\/wp-content\/uploads\/sites\/36\/2025\/10\/IMG_7314-e1760951205138-1024x1024.jpeg\" alt=\"\" class=\"wp-image-2615 size-full lazyload\" data-srcset=\"https:\/\/www.asinoamico.it\/wp-content\/uploads\/sites\/36\/2025\/10\/IMG_7314-e1760951205138-1024x1024.jpeg 1024w, https:\/\/www.asinoamico.it\/wp-content\/uploads\/sites\/36\/2025\/10\/IMG_7314-e1760951205138-300x300.jpeg 300w, https:\/\/www.asinoamico.it\/wp-content\/uploads\/sites\/36\/2025\/10\/IMG_7314-e1760951205138-150x150.jpeg 150w, https:\/\/www.asinoamico.it\/wp-content\/uploads\/sites\/36\/2025\/10\/IMG_7314-e1760951205138-768x768.jpeg 768w, https:\/\/www.asinoamico.it\/wp-content\/uploads\/sites\/36\/2025\/10\/IMG_7314-e1760951205138-12x12.jpeg 12w, https:\/\/www.asinoamico.it\/wp-content\/uploads\/sites\/36\/2025\/10\/IMG_7314-e1760951205138.jpeg 1536w\" data-sizes=\"(max-width: 1024px) 100vw, 1024px\" src=\"data:image\/svg+xml;base64,PHN2ZyB3aWR0aD0iMSIgaGVpZ2h0PSIxIiB4bWxucz0iaHR0cDovL3d3dy53My5vcmcvMjAwMC9zdmciPjwvc3ZnPg==\" style=\"--smush-placeholder-width: 1024px; --smush-placeholder-aspect-ratio: 1024\/1024;\" \/><\/figure><\/div>","protected":false},"excerpt":{"rendered":"<p>Alpakas sind von Natur aus gutm\u00fctige und neugierige Tiere. Es braucht eine Weile, sie aus der Fassung zu bringen, dann kann es passieren, dass sie sich mit Spucken zu Wehr setzten. Urspr\u00fcnglich kommen sie aus den Anden des S\u00fcdamerikas und wurden vor allem f\u00fcr ihrer sch\u00f6ne und wertvollen Wolle gez\u00fcchtet. Mittlerweile werden sie auch als [&hellip;]<\/p>\n","protected":false},"author":32,"featured_media":0,"parent":0,"menu_order":0,"comment_status":"closed","ping_status":"closed","template":"","meta":{"_uag_custom_page_level_css":"","site-sidebar-layout":"default","site-content-layout":"","ast-site-content-layout":"default","site-content-style":"default","site-sidebar-style":"default","ast-global-header-display":"","ast-banner-title-visibility":"","ast-main-header-display":"","ast-hfb-above-header-display":"","ast-hfb-below-header-display":"","ast-hfb-mobile-header-display":"","site-post-title":"","ast-breadcrumbs-content":"","ast-featured-img":"","footer-sml-layout":"","ast-disable-related-posts":"","theme-transparent-header-meta":"","adv-header-id-meta":"","stick-header-meta":"","header-above-stick-meta":"","header-main-stick-meta":"","header-below-stick-meta":"","astra-migrate-meta-layouts":"set","ast-page-background-enabled":"default","ast-page-background-meta":{"desktop":{"background-color":"","background-image":"","background-repeat":"repeat","background-position":"center center","background-size":"auto","background-attachment":"scroll","background-type":"","background-media":"","overlay-type":"","overlay-color":"","overlay-opacity":"","overlay-gradient":""},"tablet":{"background-color":"","background-image":"","background-repeat":"repeat","background-position":"center center","background-size":"auto","background-attachment":"scroll","background-type":"","background-media":"","overlay-type":"","overlay-color":"","overlay-opacity":"","overlay-gradient":""},"mobile":{"background-color":"","background-image":"","background-repeat":"repeat","background-position":"center center","background-size":"auto","background-attachment":"scroll","background-type":"","background-media":"","overlay-type":"","overlay-color":"","overlay-opacity":"","overlay-gradient":""}},"ast-content-background-meta":{"desktop":{"background-color":"var(--ast-global-color-5)","background-image":"","background-repeat":"repeat","background-position":"center center","background-size":"auto","background-attachment":"scroll","background-type":"","background-media":"","overlay-type":"","overlay-color":"","overlay-opacity":"","overlay-gradient":""},"tablet":{"background-color":"var(--ast-global-color-5)","background-image":"","background-repeat":"repeat","background-position":"center center","background-size":"auto","background-attachment":"scroll","background-type":"","background-media":"","overlay-type":"","overlay-color":"","overlay-opacity":"","overlay-gradient":""},"mobile":{"background-color":"var(--ast-global-color-5)","background-image":"","background-repeat":"repeat","background-position":"center center","background-size":"auto","background-attachment":"scroll","background-type":"","background-media":"","overlay-type":"","overlay-color":"","overlay-opacity":"","overlay-gradient":""}},"footnotes":""},"class_list":["post-1266","page","type-page","status-publish","hentry"],"yoast_head":"<!-- This site is optimized with the Yoast SEO plugin v27.5 - https:\/\/yoast.com\/product\/yoast-seo-wordpress\/ -->\n<title>Alpakas - Asino Amico<\/title>\n<meta name=\"robots\" content=\"index, follow, max-snippet:-1, max-image-preview:large, max-video-preview:-1\" \/>\n<link rel=\"canonical\" href=\"https:\/\/www.asinoamico.it\/it\/alpakas\/\" \/>\n<meta property=\"og:locale\" content=\"it_IT\" \/>\n<meta property=\"og:type\" content=\"article\" \/>\n<meta property=\"og:title\" content=\"Alpakas - Asino Amico\" \/>\n<meta property=\"og:description\" content=\"Alpakas sind von Natur aus gutm\u00fctige und neugierige Tiere. Es braucht eine Weile, sie aus der Fassung zu bringen, dann kann es passieren, dass sie sich mit Spucken zu Wehr setzten. Urspr\u00fcnglich kommen sie aus den Anden des S\u00fcdamerikas und wurden vor allem f\u00fcr ihrer sch\u00f6ne und wertvollen Wolle gez\u00fcchtet. Mittlerweile werden sie auch als [&hellip;]\" \/>\n<meta property=\"og:url\" content=\"https:\/\/www.asinoamico.it\/it\/alpakas\/\" \/>\n<meta property=\"og:site_name\" content=\"Asino Amico\" \/>\n<meta property=\"article:modified_time\" content=\"2025-10-20T10:29:48+00:00\" \/>\n<meta property=\"og:image\" content=\"https:\/\/www.asinoamico.it\/wp-content\/uploads\/sites\/36\/2025\/10\/Asino-Amico-111-scaled-e1760951284494.jpg\" \/>\n\t<meta property=\"og:image:width\" content=\"1707\" \/>\n\t<meta property=\"og:image:height\" content=\"1707\" \/>\n\t<meta property=\"og:image:type\" content=\"image\/jpeg\" \/>\n<meta name=\"twitter:card\" content=\"summary_large_image\" \/>\n<script type=\"application\/ld+json\" class=\"yoast-schema-graph\">{\"@context\":\"https:\\\/\\\/schema.org\",\"@graph\":[{\"@type\":\"WebPage\",\"@id\":\"https:\\\/\\\/www.asinoamico.it\\\/alpakas\\\/\",\"url\":\"https:\\\/\\\/www.asinoamico.it\\\/alpakas\\\/\",\"name\":\"Alpakas - Asino Amico\",\"isPartOf\":{\"@id\":\"https:\\\/\\\/www.asinoamico.it\\\/#website\"},\"primaryImageOfPage\":{\"@id\":\"https:\\\/\\\/www.asinoamico.it\\\/alpakas\\\/#primaryimage\"},\"image\":{\"@id\":\"https:\\\/\\\/www.asinoamico.it\\\/alpakas\\\/#primaryimage\"},\"thumbnailUrl\":\"https:\\\/\\\/www.asinoamico.it\\\/wp-content\\\/uploads\\\/sites\\\/36\\\/2025\\\/10\\\/Asino-Amico-111-scaled-e1760951284494-1024x1024.jpg\",\"datePublished\":\"2025-07-14T13:09:57+00:00\",\"dateModified\":\"2025-10-20T10:29:48+00:00\",\"breadcrumb\":{\"@id\":\"https:\\\/\\\/www.asinoamico.it\\\/alpakas\\\/#breadcrumb\"},\"inLanguage\":\"it-IT\",\"potentialAction\":[{\"@type\":\"ReadAction\",\"target\":[\"https:\\\/\\\/www.asinoamico.it\\\/alpakas\\\/\"]}]},{\"@type\":\"ImageObject\",\"inLanguage\":\"it-IT\",\"@id\":\"https:\\\/\\\/www.asinoamico.it\\\/alpakas\\\/#primaryimage\",\"url\":\"https:\\\/\\\/www.asinoamico.it\\\/wp-content\\\/uploads\\\/sites\\\/36\\\/2025\\\/10\\\/Asino-Amico-111-scaled-e1760951284494-1024x1024.jpg\",\"contentUrl\":\"https:\\\/\\\/www.asinoamico.it\\\/wp-content\\\/uploads\\\/sites\\\/36\\\/2025\\\/10\\\/Asino-Amico-111-scaled-e1760951284494-1024x1024.jpg\"},{\"@type\":\"BreadcrumbList\",\"@id\":\"https:\\\/\\\/www.asinoamico.it\\\/alpakas\\\/#breadcrumb\",\"itemListElement\":[{\"@type\":\"ListItem\",\"position\":1,\"name\":\"Startseite\",\"item\":\"https:\\\/\\\/www.asinoamico.it\\\/\"},{\"@type\":\"ListItem\",\"position\":2,\"name\":\"Alpakas\"}]},{\"@type\":\"WebSite\",\"@id\":\"https:\\\/\\\/www.asinoamico.it\\\/#website\",\"url\":\"https:\\\/\\\/www.asinoamico.it\\\/\",\"name\":\"Asino Amico\",\"description\":\"\",\"publisher\":{\"@id\":\"https:\\\/\\\/www.asinoamico.it\\\/#organization\"},\"potentialAction\":[{\"@type\":\"SearchAction\",\"target\":{\"@type\":\"EntryPoint\",\"urlTemplate\":\"https:\\\/\\\/www.asinoamico.it\\\/?s={search_term_string}\"},\"query-input\":{\"@type\":\"PropertyValueSpecification\",\"valueRequired\":true,\"valueName\":\"search_term_string\"}}],\"inLanguage\":\"it-IT\"},{\"@type\":\"Organization\",\"@id\":\"https:\\\/\\\/www.asinoamico.it\\\/#organization\",\"name\":\"Asino Amico\",\"url\":\"https:\\\/\\\/www.asinoamico.it\\\/\",\"logo\":{\"@type\":\"ImageObject\",\"inLanguage\":\"it-IT\",\"@id\":\"https:\\\/\\\/www.asinoamico.it\\\/#\\\/schema\\\/logo\\\/image\\\/\",\"url\":\"https:\\\/\\\/www.asinoamico.it\\\/wp-content\\\/uploads\\\/sites\\\/36\\\/2025\\\/11\\\/AA_logo_black_256.png\",\"contentUrl\":\"https:\\\/\\\/www.asinoamico.it\\\/wp-content\\\/uploads\\\/sites\\\/36\\\/2025\\\/11\\\/AA_logo_black_256.png\",\"width\":256,\"height\":192,\"caption\":\"Asino Amico\"},\"image\":{\"@id\":\"https:\\\/\\\/www.asinoamico.it\\\/#\\\/schema\\\/logo\\\/image\\\/\"}}]}<\/script>\n<!-- \/ Yoast SEO plugin. -->","yoast_head_json":{"title":"Alpakas - Asino Amico","robots":{"index":"index","follow":"follow","max-snippet":"max-snippet:-1","max-image-preview":"max-image-preview:large","max-video-preview":"max-video-preview:-1"},"canonical":"https:\/\/www.asinoamico.it\/it\/alpakas\/","og_locale":"it_IT","og_type":"article","og_title":"Alpakas - Asino Amico","og_description":"Alpakas sind von Natur aus gutm\u00fctige und neugierige Tiere. Es braucht eine Weile, sie aus der Fassung zu bringen, dann kann es passieren, dass sie sich mit Spucken zu Wehr setzten. Urspr\u00fcnglich kommen sie aus den Anden des S\u00fcdamerikas und wurden vor allem f\u00fcr ihrer sch\u00f6ne und wertvollen Wolle gez\u00fcchtet. Mittlerweile werden sie auch als [&hellip;]","og_url":"https:\/\/www.asinoamico.it\/it\/alpakas\/","og_site_name":"Asino Amico","article_modified_time":"2025-10-20T10:29:48+00:00","og_image":[{"width":1707,"height":1707,"url":"https:\/\/www.asinoamico.it\/wp-content\/uploads\/sites\/36\/2025\/10\/Asino-Amico-111-scaled-e1760951284494.jpg","type":"image\/jpeg"}],"twitter_card":"summary_large_image","schema":{"@context":"https:\/\/schema.org","@graph":[{"@type":"WebPage","@id":"https:\/\/www.asinoamico.it\/alpakas\/","url":"https:\/\/www.asinoamico.it\/alpakas\/","name":"Alpakas - Asino Amico","isPartOf":{"@id":"https:\/\/www.asinoamico.it\/#website"},"primaryImageOfPage":{"@id":"https:\/\/www.asinoamico.it\/alpakas\/#primaryimage"},"image":{"@id":"https:\/\/www.asinoamico.it\/alpakas\/#primaryimage"},"thumbnailUrl":"https:\/\/www.asinoamico.it\/wp-content\/uploads\/sites\/36\/2025\/10\/Asino-Amico-111-scaled-e1760951284494-1024x1024.jpg","datePublished":"2025-07-14T13:09:57+00:00","dateModified":"2025-10-20T10:29:48+00:00","breadcrumb":{"@id":"https:\/\/www.asinoamico.it\/alpakas\/#breadcrumb"},"inLanguage":"it-IT","potentialAction":[{"@type":"ReadAction","target":["https:\/\/www.asinoamico.it\/alpakas\/"]}]},{"@type":"ImageObject","inLanguage":"it-IT","@id":"https:\/\/www.asinoamico.it\/alpakas\/#primaryimage","url":"https:\/\/www.asinoamico.it\/wp-content\/uploads\/sites\/36\/2025\/10\/Asino-Amico-111-scaled-e1760951284494-1024x1024.jpg","contentUrl":"https:\/\/www.asinoamico.it\/wp-content\/uploads\/sites\/36\/2025\/10\/Asino-Amico-111-scaled-e1760951284494-1024x1024.jpg"},{"@type":"BreadcrumbList","@id":"https:\/\/www.asinoamico.it\/alpakas\/#breadcrumb","itemListElement":[{"@type":"ListItem","position":1,"name":"Startseite","item":"https:\/\/www.asinoamico.it\/"},{"@type":"ListItem","position":2,"name":"Alpakas"}]},{"@type":"WebSite","@id":"https:\/\/www.asinoamico.it\/#website","url":"https:\/\/www.asinoamico.it\/","name":"Asino Amico","description":"","publisher":{"@id":"https:\/\/www.asinoamico.it\/#organization"},"potentialAction":[{"@type":"SearchAction","target":{"@type":"EntryPoint","urlTemplate":"https:\/\/www.asinoamico.it\/?s={search_term_string}"},"query-input":{"@type":"PropertyValueSpecification","valueRequired":true,"valueName":"search_term_string"}}],"inLanguage":"it-IT"},{"@type":"Organization","@id":"https:\/\/www.asinoamico.it\/#organization","name":"Asino Amico","url":"https:\/\/www.asinoamico.it\/","logo":{"@type":"ImageObject","inLanguage":"it-IT","@id":"https:\/\/www.asinoamico.it\/#\/schema\/logo\/image\/","url":"https:\/\/www.asinoamico.it\/wp-content\/uploads\/sites\/36\/2025\/11\/AA_logo_black_256.png","contentUrl":"https:\/\/www.asinoamico.it\/wp-content\/uploads\/sites\/36\/2025\/11\/AA_logo_black_256.png","width":256,"height":192,"caption":"Asino Amico"},"image":{"@id":"https:\/\/www.asinoamico.it\/#\/schema\/logo\/image\/"}}]}},"spectra_custom_meta":{"_edit_lock":["1760959597:32"],"_uag_custom_page_level_css":[""],"site-sidebar-layout":["default"],"site-content-layout":[""],"ast-site-content-layout":["default"],"site-content-style":["default"],"site-sidebar-style":["default"],"ast-global-header-display":[""],"ast-banner-title-visibility":[""],"ast-main-header-display":[""],"ast-hfb-above-header-display":[""],"ast-hfb-below-header-display":[""],"ast-hfb-mobile-header-display":[""],"site-post-title":[""],"ast-breadcrumbs-content":[""],"ast-featured-img":[""],"footer-sml-layout":[""],"theme-transparent-header-meta":[""],"adv-header-id-meta":[""],"stick-header-meta":[""],"header-above-stick-meta":[""],"header-main-stick-meta":[""],"header-below-stick-meta":[""],"astra-migrate-meta-layouts":["set"],"ast-page-background-enabled":["default"],"ast-page-background-meta":["a:3:{s:7:\"desktop\";a:12:{s:16:\"background-color\";s:0:\"\";s:16:\"background-image\";s:0:\"\";s:17:\"background-repeat\";s:6:\"repeat\";s:19:\"background-position\";s:13:\"center center\";s:15:\"background-size\";s:4:\"auto\";s:21:\"background-attachment\";s:6:\"scroll\";s:15:\"background-type\";s:0:\"\";s:16:\"background-media\";s:0:\"\";s:12:\"overlay-type\";s:0:\"\";s:13:\"overlay-color\";s:0:\"\";s:15:\"overlay-opacity\";s:0:\"\";s:16:\"overlay-gradient\";s:0:\"\";}s:6:\"tablet\";a:12:{s:16:\"background-color\";s:0:\"\";s:16:\"background-image\";s:0:\"\";s:17:\"background-repeat\";s:6:\"repeat\";s:19:\"background-position\";s:13:\"center center\";s:15:\"background-size\";s:4:\"auto\";s:21:\"background-attachment\";s:6:\"scroll\";s:15:\"background-type\";s:0:\"\";s:16:\"background-media\";s:0:\"\";s:12:\"overlay-type\";s:0:\"\";s:13:\"overlay-color\";s:0:\"\";s:15:\"overlay-opacity\";s:0:\"\";s:16:\"overlay-gradient\";s:0:\"\";}s:6:\"mobile\";a:12:{s:16:\"background-color\";s:0:\"\";s:16:\"background-image\";s:0:\"\";s:17:\"background-repeat\";s:6:\"repeat\";s:19:\"background-position\";s:13:\"center center\";s:15:\"background-size\";s:4:\"auto\";s:21:\"background-attachment\";s:6:\"scroll\";s:15:\"background-type\";s:0:\"\";s:16:\"background-media\";s:0:\"\";s:12:\"overlay-type\";s:0:\"\";s:13:\"overlay-color\";s:0:\"\";s:15:\"overlay-opacity\";s:0:\"\";s:16:\"overlay-gradient\";s:0:\"\";}}"],"ast-content-background-meta":["a:3:{s:7:\"desktop\";a:12:{s:16:\"background-color\";s:25:\"var(--ast-global-color-5)\";s:16:\"background-image\";s:0:\"\";s:17:\"background-repeat\";s:6:\"repeat\";s:19:\"background-position\";s:13:\"center center\";s:15:\"background-size\";s:4:\"auto\";s:21:\"background-attachment\";s:6:\"scroll\";s:15:\"background-type\";s:0:\"\";s:16:\"background-media\";s:0:\"\";s:12:\"overlay-type\";s:0:\"\";s:13:\"overlay-color\";s:0:\"\";s:15:\"overlay-opacity\";s:0:\"\";s:16:\"overlay-gradient\";s:0:\"\";}s:6:\"tablet\";a:12:{s:16:\"background-color\";s:25:\"var(--ast-global-color-5)\";s:16:\"background-image\";s:0:\"\";s:17:\"background-repeat\";s:6:\"repeat\";s:19:\"background-position\";s:13:\"center center\";s:15:\"background-size\";s:4:\"auto\";s:21:\"background-attachment\";s:6:\"scroll\";s:15:\"background-type\";s:0:\"\";s:16:\"background-media\";s:0:\"\";s:12:\"overlay-type\";s:0:\"\";s:13:\"overlay-color\";s:0:\"\";s:15:\"overlay-opacity\";s:0:\"\";s:16:\"overlay-gradient\";s:0:\"\";}s:6:\"mobile\";a:12:{s:16:\"background-color\";s:25:\"var(--ast-global-color-5)\";s:16:\"background-image\";s:0:\"\";s:17:\"background-repeat\";s:6:\"repeat\";s:19:\"background-position\";s:13:\"center center\";s:15:\"background-size\";s:4:\"auto\";s:21:\"background-attachment\";s:6:\"scroll\";s:15:\"background-type\";s:0:\"\";s:16:\"background-media\";s:0:\"\";s:12:\"overlay-type\";s:0:\"\";s:13:\"overlay-color\";s:0:\"\";s:15:\"overlay-opacity\";s:0:\"\";s:16:\"overlay-gradient\";s:0:\"\";}}"],"footnotes":[""],"_edit_last":["32"],"_yoast_wpseo_content_score":["90"],"_yoast_wpseo_estimated-reading-time-minutes":["0"],"_uagb_previous_block_counts":["a:90:{s:21:\"uagb\/advanced-heading\";i:0;s:15:\"uagb\/blockquote\";i:0;s:12:\"uagb\/buttons\";i:0;s:18:\"uagb\/buttons-child\";i:0;s:19:\"uagb\/call-to-action\";i:0;s:15:\"uagb\/cf7-styler\";i:0;s:11:\"uagb\/column\";i:0;s:12:\"uagb\/columns\";i:0;s:14:\"uagb\/container\";i:0;s:21:\"uagb\/content-timeline\";i:0;s:27:\"uagb\/content-timeline-child\";i:0;s:14:\"uagb\/countdown\";i:0;s:12:\"uagb\/counter\";i:0;s:8:\"uagb\/faq\";i:0;s:14:\"uagb\/faq-child\";i:0;s:10:\"uagb\/forms\";i:0;s:17:\"uagb\/forms-accept\";i:0;s:19:\"uagb\/forms-checkbox\";i:0;s:15:\"uagb\/forms-date\";i:0;s:16:\"uagb\/forms-email\";i:0;s:17:\"uagb\/forms-hidden\";i:0;s:15:\"uagb\/forms-name\";i:0;s:16:\"uagb\/forms-phone\";i:0;s:16:\"uagb\/forms-radio\";i:0;s:17:\"uagb\/forms-select\";i:0;s:19:\"uagb\/forms-textarea\";i:0;s:17:\"uagb\/forms-toggle\";i:0;s:14:\"uagb\/forms-url\";i:0;s:14:\"uagb\/gf-styler\";i:0;s:15:\"uagb\/google-map\";i:0;s:11:\"uagb\/how-to\";i:0;s:16:\"uagb\/how-to-step\";i:0;s:9:\"uagb\/icon\";i:0;s:14:\"uagb\/icon-list\";i:0;s:20:\"uagb\/icon-list-child\";i:0;s:10:\"uagb\/image\";i:0;s:18:\"uagb\/image-gallery\";i:0;s:13:\"uagb\/info-box\";i:0;s:18:\"uagb\/inline-notice\";i:0;s:11:\"uagb\/lottie\";i:0;s:21:\"uagb\/marketing-button\";i:0;s:10:\"uagb\/modal\";i:0;s:18:\"uagb\/popup-builder\";i:0;s:16:\"uagb\/post-button\";i:0;s:18:\"uagb\/post-carousel\";i:0;s:17:\"uagb\/post-excerpt\";i:0;s:14:\"uagb\/post-grid\";i:0;s:15:\"uagb\/post-image\";i:0;s:17:\"uagb\/post-masonry\";i:0;s:14:\"uagb\/post-meta\";i:0;s:18:\"uagb\/post-taxonomy\";i:0;s:18:\"uagb\/post-timeline\";i:0;s:15:\"uagb\/post-title\";i:0;s:20:\"uagb\/restaurant-menu\";i:0;s:26:\"uagb\/restaurant-menu-child\";i:0;s:11:\"uagb\/review\";i:0;s:12:\"uagb\/section\";i:0;s:14:\"uagb\/separator\";i:0;s:11:\"uagb\/slider\";i:0;s:17:\"uagb\/slider-child\";i:0;s:17:\"uagb\/social-share\";i:0;s:23:\"uagb\/social-share-child\";i:0;s:16:\"uagb\/star-rating\";i:0;s:23:\"uagb\/sure-cart-checkout\";i:0;s:22:\"uagb\/sure-cart-product\";i:0;s:15:\"uagb\/sure-forms\";i:0;s:22:\"uagb\/table-of-contents\";i:0;s:9:\"uagb\/tabs\";i:0;s:15:\"uagb\/tabs-child\";i:0;s:18:\"uagb\/taxonomy-list\";i:0;s:9:\"uagb\/team\";i:0;s:16:\"uagb\/testimonial\";i:0;s:14:\"uagb\/wp-search\";i:0;s:19:\"uagb\/instagram-feed\";i:0;s:10:\"uagb\/login\";i:0;s:17:\"uagb\/loop-builder\";i:0;s:18:\"uagb\/loop-category\";i:0;s:20:\"uagb\/loop-pagination\";i:0;s:15:\"uagb\/loop-reset\";i:0;s:16:\"uagb\/loop-search\";i:0;s:14:\"uagb\/loop-sort\";i:0;s:17:\"uagb\/loop-wrapper\";i:0;s:13:\"uagb\/register\";i:0;s:19:\"uagb\/register-email\";i:0;s:24:\"uagb\/register-first-name\";i:0;s:23:\"uagb\/register-last-name\";i:0;s:22:\"uagb\/register-password\";i:0;s:30:\"uagb\/register-reenter-password\";i:0;s:19:\"uagb\/register-terms\";i:0;s:22:\"uagb\/register-username\";i:0;}"],"_uag_page_assets":["a:9:{s:3:\"css\";s:822:\" .uagb-block-42d173af .uagb-google-map__iframe{height: 300px;}@media only screen and (max-width: 976px) { .uagb-block-42d173af .uagb-google-map__iframe{height: 300px;}}@media only screen and (max-width: 767px) { .uagb-block-42d173af .uagb-google-map__iframe{height: 300px;}} .uagb-block-290a12d1 .uagb-google-map__iframe{height: 300px;}@media only screen and (max-width: 976px) { .uagb-block-290a12d1 .uagb-google-map__iframe{height: 300px;}}@media only screen and (max-width: 767px) { .uagb-block-290a12d1 .uagb-google-map__iframe{height: 300px;}} .uagb-block-46566f8f .uagb-google-map__iframe{height: 300px;}@media only screen and (max-width: 976px) { .uagb-block-46566f8f .uagb-google-map__iframe{height: 300px;}}@media only screen and (max-width: 767px) { .uagb-block-46566f8f .uagb-google-map__iframe{height: 300px;}}\";s:2:\"js\";s:0:\"\";s:18:\"current_block_list\";a:10:{i:0;s:14:\"core\/paragraph\";i:1;s:15:\"core\/media-text\";i:2;s:11:\"core\/search\";i:3;s:10:\"core\/group\";i:4;s:12:\"core\/heading\";i:5;s:17:\"core\/latest-posts\";i:6;s:20:\"core\/latest-comments\";i:7;s:13:\"core\/archives\";i:8;s:15:\"core\/categories\";i:9;s:15:\"uagb\/google-map\";}s:8:\"uag_flag\";b:1;s:11:\"uag_version\";s:10:\"1778061121\";s:6:\"gfonts\";a:0:{}s:10:\"gfonts_url\";s:0:\"\";s:12:\"gfonts_files\";a:0:{}s:14:\"uag_faq_layout\";b:0;}"]},"uagb_featured_image_src":{"full":false,"thumbnail":false,"medium":false,"medium_large":false,"large":false,"1536x1536":false,"2048x2048":false,"trp-custom-language-flag":false},"uagb_author_info":{"display_name":"asinoamico","author_link":"https:\/\/www.asinoamico.it\/it\/author\/asinoamico\/"},"uagb_comment_info":0,"uagb_excerpt":"Alpakas sind von Natur aus gutm\u00fctige und neugierige Tiere. Es braucht eine Weile, sie aus der Fassung zu bringen, dann kann es passieren, dass sie sich mit Spucken zu Wehr setzten. Urspr\u00fcnglich kommen sie aus den Anden des S\u00fcdamerikas und wurden vor allem f\u00fcr ihrer sch\u00f6ne und wertvollen Wolle gez\u00fcchtet. Mittlerweile werden sie auch als&hellip;","_links":{"self":[{"href":"https:\/\/www.asinoamico.it\/it\/wp-json\/wp\/v2\/pages\/1266","targetHints":{"allow":["GET"]}}],"collection":[{"href":"https:\/\/www.asinoamico.it\/it\/wp-json\/wp\/v2\/pages"}],"about":[{"href":"https:\/\/www.asinoamico.it\/it\/wp-json\/wp\/v2\/types\/page"}],"author":[{"embeddable":true,"href":"https:\/\/www.asinoamico.it\/it\/wp-json\/wp\/v2\/users\/32"}],"replies":[{"embeddable":true,"href":"https:\/\/www.asinoamico.it\/it\/wp-json\/wp\/v2\/comments?post=1266"}],"version-history":[{"count":13,"href":"https:\/\/www.asinoamico.it\/it\/wp-json\/wp\/v2\/pages\/1266\/revisions"}],"predecessor-version":[{"id":2633,"href":"https:\/\/www.asinoamico.it\/it\/wp-json\/wp\/v2\/pages\/1266\/revisions\/2633"}],"wp:attachment":[{"href":"https:\/\/www.asinoamico.it\/it\/wp-json\/wp\/v2\/media?parent=1266"}],"curies":[{"name":"wp","href":"https:\/\/api.w.org\/{rel}","templated":true}]}}