{"id":1192,"date":"2025-07-14T11:54:37","date_gmt":"2025-07-14T09:54:37","guid":{"rendered":"https:\/\/www.asinoamico.it\/?page_id=1192"},"modified":"2025-10-20T16:31:40","modified_gmt":"2025-10-20T14:31:40","slug":"5x-1000-steuererklaerung","status":"publish","type":"page","link":"https:\/\/www.asinoamico.it\/it\/5x-1000-steuererklaerung\/","title":{"rendered":"5x 1000 dichiarazione dei redditit"},"content":{"rendered":"<div class=\"wp-block-cover is-light\"><img decoding=\"async\" width=\"1024\" height=\"768\" class=\"wp-block-cover__image-background wp-image-2689 size-large lazyload\" alt=\"\" data-src=\"https:\/\/www.asinoamico.it\/wp-content\/uploads\/sites\/36\/2025\/10\/IMG_6811-2-1024x768.jpeg\" data-object-fit=\"cover\" data-srcset=\"https:\/\/www.asinoamico.it\/wp-content\/uploads\/sites\/36\/2025\/10\/IMG_6811-2-1024x768.jpeg 1024w, https:\/\/www.asinoamico.it\/wp-content\/uploads\/sites\/36\/2025\/10\/IMG_6811-2-300x225.jpeg 300w, https:\/\/www.asinoamico.it\/wp-content\/uploads\/sites\/36\/2025\/10\/IMG_6811-2-768x576.jpeg 768w, https:\/\/www.asinoamico.it\/wp-content\/uploads\/sites\/36\/2025\/10\/IMG_6811-2-1536x1152.jpeg 1536w, https:\/\/www.asinoamico.it\/wp-content\/uploads\/sites\/36\/2025\/10\/IMG_6811-2-16x12.jpeg 16w, https:\/\/www.asinoamico.it\/wp-content\/uploads\/sites\/36\/2025\/10\/IMG_6811-2.jpeg 2048w\" data-sizes=\"(max-width: 1024px) 100vw, 1024px\" src=\"data:image\/svg+xml;base64,PHN2ZyB3aWR0aD0iMSIgaGVpZ2h0PSIxIiB4bWxucz0iaHR0cDovL3d3dy53My5vcmcvMjAwMC9zdmciPjwvc3ZnPg==\" style=\"--smush-placeholder-width: 1024px; --smush-placeholder-aspect-ratio: 1024\/768;\" \/><span aria-hidden=\"true\" class=\"wp-block-cover__background has-background-dim-0 has-background-dim\" style=\"background-color:#84807e\"><\/span><div class=\"wp-block-cover__inner-container is-layout-constrained wp-block-cover-is-layout-constrained\">\n<p class=\"has-text-align-center has-large-font-size\"><\/p>\n<\/div><\/div>\n\n\n\n<p><\/p>\n\n\n\n<h3 class=\"wp-block-heading\" style=\"font-size:28px\">5 per mille per Asino Amico, la tua dichiarazione dei redditi pu\u00f2 fare del bene!<\/h3>\n\n\n\n<p style=\"font-size:19px;line-height:1.7\">Con la tua dichiarazione dei redditi hai la possibilit\u00e0 di destinare il 5x1000 delle tue imposte a un\u2019associazione a tua scelta, senza costi aggiuntivi per te.<\/p>\n\n\n\n<p style=\"font-size:19px;line-height:1.7\" class=\"translation-block\">Se decidi di sostenere Asino Amico con questo piccolo ma efficace contributo, ci aiuterai a prenderci cura dei nostri amici animali. Ad esempio:\n<br>\u2013 fornendo cibo per i nostri animali\n<br>\u2013 riparando recinti e costruendo nuovi recinti sicuri\n<br>\u2013 ampliando la nostra offerta per bambini, anziani e persone con bisogni speciali<\/p>\n\n\n\n<p style=\"font-size:19px;line-height:1.7\">Ogni contributo \u00e8 importante e il tuo sostegno ci aiuta a creare un luogo in cui persone, animali e natura convivono in armonia.<\/p>\n\n\n\n<p style=\"font-size:19px;line-height:1.7\" class=\"translation-block\"><strong>Grazie<\/strong> per condividere con noi una parte della tua responsabilit\u00e0 e per rendere possibile il nostro lavoro!<\/p>\n\n\n\n<p class=\"has-text-align-center has-background\" style=\"background-color:#42853e59;font-size:24px;font-style:normal;font-weight:800;line-height:2\">I nostri dati: <br><br>Asino Amico ODV<br>Codice fiscale: 94154350212<br>asinoamicoodv@gmail.com<\/p>","protected":false},"excerpt":{"rendered":"<p>5 Promille f\u00fcr Asino Amico, deine Steuererkl\u00e4rung kann Gutes bewirken! Mit deiner Steuererkl\u00e4rung hast du die M\u00f6glichkeit, 5 Promille deiner Steuerabgaben einem Verein deiner Wahl zu widmen ohne zus\u00e4tzliche Kosten f\u00fcr dich. Wenn du dich entscheidest, Asino Amico mit diesem kleinen, aber wirkungsvollen Beitrag zu unterst\u00fctzen, hilfst du uns dabei, unsere tierischen Mitbewohner rundum gut [&hellip;]<\/p>\n","protected":false},"author":32,"featured_media":0,"parent":0,"menu_order":0,"comment_status":"closed","ping_status":"closed","template":"","meta":{"_uag_custom_page_level_css":"","site-sidebar-layout":"default","site-content-layout":"","ast-site-content-layout":"default","site-content-style":"default","site-sidebar-style":"default","ast-global-header-display":"","ast-banner-title-visibility":"","ast-main-header-display":"","ast-hfb-above-header-display":"","ast-hfb-below-header-display":"","ast-hfb-mobile-header-display":"","site-post-title":"disabled","ast-breadcrumbs-content":"","ast-featured-img":"","footer-sml-layout":"","ast-disable-related-posts":"","theme-transparent-header-meta":"","adv-header-id-meta":"","stick-header-meta":"","header-above-stick-meta":"","header-main-stick-meta":"","header-below-stick-meta":"","astra-migrate-meta-layouts":"set","ast-page-background-enabled":"default","ast-page-background-meta":{"desktop":{"background-color":"","background-image":"","background-repeat":"repeat","background-position":"center center","background-size":"auto","background-attachment":"scroll","background-type":"","background-media":"","overlay-type":"","overlay-color":"","overlay-opacity":"","overlay-gradient":""},"tablet":{"background-color":"","background-image":"","background-repeat":"repeat","background-position":"center center","background-size":"auto","background-attachment":"scroll","background-type":"","background-media":"","overlay-type":"","overlay-color":"","overlay-opacity":"","overlay-gradient":""},"mobile":{"background-color":"","background-image":"","background-repeat":"repeat","background-position":"center center","background-size":"auto","background-attachment":"scroll","background-type":"","background-media":"","overlay-type":"","overlay-color":"","overlay-opacity":"","overlay-gradient":""}},"ast-content-background-meta":{"desktop":{"background-color":"var(--ast-global-color-5)","background-image":"","background-repeat":"repeat","background-position":"center center","background-size":"auto","background-attachment":"scroll","background-type":"","background-media":"","overlay-type":"","overlay-color":"","overlay-opacity":"","overlay-gradient":""},"tablet":{"background-color":"var(--ast-global-color-5)","background-image":"","background-repeat":"repeat","background-position":"center center","background-size":"auto","background-attachment":"scroll","background-type":"","background-media":"","overlay-type":"","overlay-color":"","overlay-opacity":"","overlay-gradient":""},"mobile":{"background-color":"var(--ast-global-color-5)","background-image":"","background-repeat":"repeat","background-position":"center center","background-size":"auto","background-attachment":"scroll","background-type":"","background-media":"","overlay-type":"","overlay-color":"","overlay-opacity":"","overlay-gradient":""}},"footnotes":""},"class_list":["post-1192","page","type-page","status-publish","hentry"],"yoast_head":"<!-- This site is optimized with the Yoast SEO plugin v27.5 - https:\/\/yoast.com\/product\/yoast-seo-wordpress\/ -->\n<title>5x 1000 Steuererkl\u00e4rung - Asino Amico<\/title>\n<meta name=\"robots\" content=\"index, follow, max-snippet:-1, max-image-preview:large, max-video-preview:-1\" \/>\n<link rel=\"canonical\" href=\"https:\/\/www.asinoamico.it\/it\/5x-1000-steuererklaerung\/\" \/>\n<meta property=\"og:locale\" content=\"it_IT\" \/>\n<meta property=\"og:type\" content=\"article\" \/>\n<meta property=\"og:title\" content=\"5x 1000 Steuererkl\u00e4rung - Asino Amico\" \/>\n<meta property=\"og:description\" content=\"5 Promille f\u00fcr Asino Amico, deine Steuererkl\u00e4rung kann Gutes bewirken! Mit deiner Steuererkl\u00e4rung hast du die M\u00f6glichkeit, 5 Promille deiner Steuerabgaben einem Verein deiner Wahl zu widmen ohne zus\u00e4tzliche Kosten f\u00fcr dich. Wenn du dich entscheidest, Asino Amico mit diesem kleinen, aber wirkungsvollen Beitrag zu unterst\u00fctzen, hilfst du uns dabei, unsere tierischen Mitbewohner rundum gut [&hellip;]\" \/>\n<meta property=\"og:url\" content=\"https:\/\/www.asinoamico.it\/it\/5x-1000-steuererklaerung\/\" \/>\n<meta property=\"og:site_name\" content=\"Asino Amico\" \/>\n<meta property=\"article:modified_time\" content=\"2025-10-20T14:31:40+00:00\" \/>\n<meta property=\"og:image\" content=\"https:\/\/www.asinoamico.it\/wp-content\/uploads\/sites\/36\/2025\/10\/IMG_6811-2.jpeg\" \/>\n\t<meta property=\"og:image:width\" content=\"2048\" \/>\n\t<meta property=\"og:image:height\" content=\"1536\" \/>\n\t<meta property=\"og:image:type\" content=\"image\/jpeg\" \/>\n<meta name=\"twitter:card\" content=\"summary_large_image\" \/>\n<meta name=\"twitter:label1\" content=\"Tempo di lettura stimato\" \/>\n\t<meta name=\"twitter:data1\" content=\"1 minuto\" \/>\n<script type=\"application\/ld+json\" class=\"yoast-schema-graph\">{\"@context\":\"https:\\\/\\\/schema.org\",\"@graph\":[{\"@type\":\"WebPage\",\"@id\":\"https:\\\/\\\/www.asinoamico.it\\\/5x-1000-steuererklaerung\\\/\",\"url\":\"https:\\\/\\\/www.asinoamico.it\\\/5x-1000-steuererklaerung\\\/\",\"name\":\"5x 1000 Steuererkl\u00e4rung - Asino Amico\",\"isPartOf\":{\"@id\":\"https:\\\/\\\/www.asinoamico.it\\\/#website\"},\"primaryImageOfPage\":{\"@id\":\"https:\\\/\\\/www.asinoamico.it\\\/5x-1000-steuererklaerung\\\/#primaryimage\"},\"image\":{\"@id\":\"https:\\\/\\\/www.asinoamico.it\\\/5x-1000-steuererklaerung\\\/#primaryimage\"},\"thumbnailUrl\":\"https:\\\/\\\/www.asinoamico.it\\\/wp-content\\\/uploads\\\/sites\\\/36\\\/2025\\\/10\\\/IMG_6811-2-1024x768.jpeg\",\"datePublished\":\"2025-07-14T09:54:37+00:00\",\"dateModified\":\"2025-10-20T14:31:40+00:00\",\"breadcrumb\":{\"@id\":\"https:\\\/\\\/www.asinoamico.it\\\/5x-1000-steuererklaerung\\\/#breadcrumb\"},\"inLanguage\":\"it-IT\",\"potentialAction\":[{\"@type\":\"ReadAction\",\"target\":[\"https:\\\/\\\/www.asinoamico.it\\\/5x-1000-steuererklaerung\\\/\"]}]},{\"@type\":\"ImageObject\",\"inLanguage\":\"it-IT\",\"@id\":\"https:\\\/\\\/www.asinoamico.it\\\/5x-1000-steuererklaerung\\\/#primaryimage\",\"url\":\"https:\\\/\\\/www.asinoamico.it\\\/wp-content\\\/uploads\\\/sites\\\/36\\\/2025\\\/10\\\/IMG_6811-2-1024x768.jpeg\",\"contentUrl\":\"https:\\\/\\\/www.asinoamico.it\\\/wp-content\\\/uploads\\\/sites\\\/36\\\/2025\\\/10\\\/IMG_6811-2-1024x768.jpeg\"},{\"@type\":\"BreadcrumbList\",\"@id\":\"https:\\\/\\\/www.asinoamico.it\\\/5x-1000-steuererklaerung\\\/#breadcrumb\",\"itemListElement\":[{\"@type\":\"ListItem\",\"position\":1,\"name\":\"Startseite\",\"item\":\"https:\\\/\\\/www.asinoamico.it\\\/\"},{\"@type\":\"ListItem\",\"position\":2,\"name\":\"5x 1000 Steuererkl\u00e4rung\"}]},{\"@type\":\"WebSite\",\"@id\":\"https:\\\/\\\/www.asinoamico.it\\\/#website\",\"url\":\"https:\\\/\\\/www.asinoamico.it\\\/\",\"name\":\"Asino Amico\",\"description\":\"\",\"publisher\":{\"@id\":\"https:\\\/\\\/www.asinoamico.it\\\/#organization\"},\"potentialAction\":[{\"@type\":\"SearchAction\",\"target\":{\"@type\":\"EntryPoint\",\"urlTemplate\":\"https:\\\/\\\/www.asinoamico.it\\\/?s={search_term_string}\"},\"query-input\":{\"@type\":\"PropertyValueSpecification\",\"valueRequired\":true,\"valueName\":\"search_term_string\"}}],\"inLanguage\":\"it-IT\"},{\"@type\":\"Organization\",\"@id\":\"https:\\\/\\\/www.asinoamico.it\\\/#organization\",\"name\":\"Asino Amico\",\"url\":\"https:\\\/\\\/www.asinoamico.it\\\/\",\"logo\":{\"@type\":\"ImageObject\",\"inLanguage\":\"it-IT\",\"@id\":\"https:\\\/\\\/www.asinoamico.it\\\/#\\\/schema\\\/logo\\\/image\\\/\",\"url\":\"https:\\\/\\\/www.asinoamico.it\\\/wp-content\\\/uploads\\\/sites\\\/36\\\/2025\\\/11\\\/AA_logo_black_256.png\",\"contentUrl\":\"https:\\\/\\\/www.asinoamico.it\\\/wp-content\\\/uploads\\\/sites\\\/36\\\/2025\\\/11\\\/AA_logo_black_256.png\",\"width\":256,\"height\":192,\"caption\":\"Asino Amico\"},\"image\":{\"@id\":\"https:\\\/\\\/www.asinoamico.it\\\/#\\\/schema\\\/logo\\\/image\\\/\"}}]}<\/script>\n<!-- \/ Yoast SEO plugin. -->","yoast_head_json":{"title":"5x 1000 Steuererkl\u00e4rung - Asino Amico","robots":{"index":"index","follow":"follow","max-snippet":"max-snippet:-1","max-image-preview":"max-image-preview:large","max-video-preview":"max-video-preview:-1"},"canonical":"https:\/\/www.asinoamico.it\/it\/5x-1000-steuererklaerung\/","og_locale":"it_IT","og_type":"article","og_title":"5x 1000 Steuererkl\u00e4rung - Asino Amico","og_description":"5 Promille f\u00fcr Asino Amico, deine Steuererkl\u00e4rung kann Gutes bewirken! Mit deiner Steuererkl\u00e4rung hast du die M\u00f6glichkeit, 5 Promille deiner Steuerabgaben einem Verein deiner Wahl zu widmen ohne zus\u00e4tzliche Kosten f\u00fcr dich. Wenn du dich entscheidest, Asino Amico mit diesem kleinen, aber wirkungsvollen Beitrag zu unterst\u00fctzen, hilfst du uns dabei, unsere tierischen Mitbewohner rundum gut [&hellip;]","og_url":"https:\/\/www.asinoamico.it\/it\/5x-1000-steuererklaerung\/","og_site_name":"Asino Amico","article_modified_time":"2025-10-20T14:31:40+00:00","og_image":[{"width":2048,"height":1536,"url":"https:\/\/www.asinoamico.it\/wp-content\/uploads\/sites\/36\/2025\/10\/IMG_6811-2.jpeg","type":"image\/jpeg"}],"twitter_card":"summary_large_image","twitter_misc":{"Tempo di lettura stimato":"1 minuto"},"schema":{"@context":"https:\/\/schema.org","@graph":[{"@type":"WebPage","@id":"https:\/\/www.asinoamico.it\/5x-1000-steuererklaerung\/","url":"https:\/\/www.asinoamico.it\/5x-1000-steuererklaerung\/","name":"5x 1000 Steuererkl\u00e4rung - Asino Amico","isPartOf":{"@id":"https:\/\/www.asinoamico.it\/#website"},"primaryImageOfPage":{"@id":"https:\/\/www.asinoamico.it\/5x-1000-steuererklaerung\/#primaryimage"},"image":{"@id":"https:\/\/www.asinoamico.it\/5x-1000-steuererklaerung\/#primaryimage"},"thumbnailUrl":"https:\/\/www.asinoamico.it\/wp-content\/uploads\/sites\/36\/2025\/10\/IMG_6811-2-1024x768.jpeg","datePublished":"2025-07-14T09:54:37+00:00","dateModified":"2025-10-20T14:31:40+00:00","breadcrumb":{"@id":"https:\/\/www.asinoamico.it\/5x-1000-steuererklaerung\/#breadcrumb"},"inLanguage":"it-IT","potentialAction":[{"@type":"ReadAction","target":["https:\/\/www.asinoamico.it\/5x-1000-steuererklaerung\/"]}]},{"@type":"ImageObject","inLanguage":"it-IT","@id":"https:\/\/www.asinoamico.it\/5x-1000-steuererklaerung\/#primaryimage","url":"https:\/\/www.asinoamico.it\/wp-content\/uploads\/sites\/36\/2025\/10\/IMG_6811-2-1024x768.jpeg","contentUrl":"https:\/\/www.asinoamico.it\/wp-content\/uploads\/sites\/36\/2025\/10\/IMG_6811-2-1024x768.jpeg"},{"@type":"BreadcrumbList","@id":"https:\/\/www.asinoamico.it\/5x-1000-steuererklaerung\/#breadcrumb","itemListElement":[{"@type":"ListItem","position":1,"name":"Startseite","item":"https:\/\/www.asinoamico.it\/"},{"@type":"ListItem","position":2,"name":"5x 1000 Steuererkl\u00e4rung"}]},{"@type":"WebSite","@id":"https:\/\/www.asinoamico.it\/#website","url":"https:\/\/www.asinoamico.it\/","name":"Asino Amico","description":"","publisher":{"@id":"https:\/\/www.asinoamico.it\/#organization"},"potentialAction":[{"@type":"SearchAction","target":{"@type":"EntryPoint","urlTemplate":"https:\/\/www.asinoamico.it\/?s={search_term_string}"},"query-input":{"@type":"PropertyValueSpecification","valueRequired":true,"valueName":"search_term_string"}}],"inLanguage":"it-IT"},{"@type":"Organization","@id":"https:\/\/www.asinoamico.it\/#organization","name":"Asino Amico","url":"https:\/\/www.asinoamico.it\/","logo":{"@type":"ImageObject","inLanguage":"it-IT","@id":"https:\/\/www.asinoamico.it\/#\/schema\/logo\/image\/","url":"https:\/\/www.asinoamico.it\/wp-content\/uploads\/sites\/36\/2025\/11\/AA_logo_black_256.png","contentUrl":"https:\/\/www.asinoamico.it\/wp-content\/uploads\/sites\/36\/2025\/11\/AA_logo_black_256.png","width":256,"height":192,"caption":"Asino Amico"},"image":{"@id":"https:\/\/www.asinoamico.it\/#\/schema\/logo\/image\/"}}]}},"spectra_custom_meta":{"_edit_lock":["1760971998:32"],"_uag_custom_page_level_css":[""],"site-sidebar-layout":["default"],"site-content-layout":[""],"ast-site-content-layout":["default"],"site-content-style":["default"],"site-sidebar-style":["default"],"ast-global-header-display":[""],"ast-banner-title-visibility":[""],"ast-main-header-display":[""],"ast-hfb-above-header-display":[""],"ast-hfb-below-header-display":[""],"ast-hfb-mobile-header-display":[""],"site-post-title":["disabled"],"ast-breadcrumbs-content":[""],"ast-featured-img":[""],"footer-sml-layout":[""],"theme-transparent-header-meta":[""],"adv-header-id-meta":[""],"stick-header-meta":[""],"header-above-stick-meta":[""],"header-main-stick-meta":[""],"header-below-stick-meta":[""],"astra-migrate-meta-layouts":["set"],"ast-page-background-enabled":["default"],"ast-page-background-meta":["a:3:{s:7:\"desktop\";a:12:{s:16:\"background-color\";s:0:\"\";s:16:\"background-image\";s:0:\"\";s:17:\"background-repeat\";s:6:\"repeat\";s:19:\"background-position\";s:13:\"center center\";s:15:\"background-size\";s:4:\"auto\";s:21:\"background-attachment\";s:6:\"scroll\";s:15:\"background-type\";s:0:\"\";s:16:\"background-media\";s:0:\"\";s:12:\"overlay-type\";s:0:\"\";s:13:\"overlay-color\";s:0:\"\";s:15:\"overlay-opacity\";s:0:\"\";s:16:\"overlay-gradient\";s:0:\"\";}s:6:\"tablet\";a:12:{s:16:\"background-color\";s:0:\"\";s:16:\"background-image\";s:0:\"\";s:17:\"background-repeat\";s:6:\"repeat\";s:19:\"background-position\";s:13:\"center center\";s:15:\"background-size\";s:4:\"auto\";s:21:\"background-attachment\";s:6:\"scroll\";s:15:\"background-type\";s:0:\"\";s:16:\"background-media\";s:0:\"\";s:12:\"overlay-type\";s:0:\"\";s:13:\"overlay-color\";s:0:\"\";s:15:\"overlay-opacity\";s:0:\"\";s:16:\"overlay-gradient\";s:0:\"\";}s:6:\"mobile\";a:12:{s:16:\"background-color\";s:0:\"\";s:16:\"background-image\";s:0:\"\";s:17:\"background-repeat\";s:6:\"repeat\";s:19:\"background-position\";s:13:\"center center\";s:15:\"background-size\";s:4:\"auto\";s:21:\"background-attachment\";s:6:\"scroll\";s:15:\"background-type\";s:0:\"\";s:16:\"background-media\";s:0:\"\";s:12:\"overlay-type\";s:0:\"\";s:13:\"overlay-color\";s:0:\"\";s:15:\"overlay-opacity\";s:0:\"\";s:16:\"overlay-gradient\";s:0:\"\";}}"],"ast-content-background-meta":["a:3:{s:7:\"desktop\";a:12:{s:16:\"background-color\";s:25:\"var(--ast-global-color-5)\";s:16:\"background-image\";s:0:\"\";s:17:\"background-repeat\";s:6:\"repeat\";s:19:\"background-position\";s:13:\"center center\";s:15:\"background-size\";s:4:\"auto\";s:21:\"background-attachment\";s:6:\"scroll\";s:15:\"background-type\";s:0:\"\";s:16:\"background-media\";s:0:\"\";s:12:\"overlay-type\";s:0:\"\";s:13:\"overlay-color\";s:0:\"\";s:15:\"overlay-opacity\";s:0:\"\";s:16:\"overlay-gradient\";s:0:\"\";}s:6:\"tablet\";a:12:{s:16:\"background-color\";s:25:\"var(--ast-global-color-5)\";s:16:\"background-image\";s:0:\"\";s:17:\"background-repeat\";s:6:\"repeat\";s:19:\"background-position\";s:13:\"center center\";s:15:\"background-size\";s:4:\"auto\";s:21:\"background-attachment\";s:6:\"scroll\";s:15:\"background-type\";s:0:\"\";s:16:\"background-media\";s:0:\"\";s:12:\"overlay-type\";s:0:\"\";s:13:\"overlay-color\";s:0:\"\";s:15:\"overlay-opacity\";s:0:\"\";s:16:\"overlay-gradient\";s:0:\"\";}s:6:\"mobile\";a:12:{s:16:\"background-color\";s:25:\"var(--ast-global-color-5)\";s:16:\"background-image\";s:0:\"\";s:17:\"background-repeat\";s:6:\"repeat\";s:19:\"background-position\";s:13:\"center center\";s:15:\"background-size\";s:4:\"auto\";s:21:\"background-attachment\";s:6:\"scroll\";s:15:\"background-type\";s:0:\"\";s:16:\"background-media\";s:0:\"\";s:12:\"overlay-type\";s:0:\"\";s:13:\"overlay-color\";s:0:\"\";s:15:\"overlay-opacity\";s:0:\"\";s:16:\"overlay-gradient\";s:0:\"\";}}"],"footnotes":[""],"_edit_last":["32"],"_yoast_wpseo_content_score":["90"],"_yoast_wpseo_estimated-reading-time-minutes":["1"],"_uagb_previous_block_counts":["a:90:{s:21:\"uagb\/advanced-heading\";i:0;s:15:\"uagb\/blockquote\";i:0;s:12:\"uagb\/buttons\";i:0;s:18:\"uagb\/buttons-child\";i:0;s:19:\"uagb\/call-to-action\";i:0;s:15:\"uagb\/cf7-styler\";i:0;s:11:\"uagb\/column\";i:0;s:12:\"uagb\/columns\";i:0;s:14:\"uagb\/container\";i:0;s:21:\"uagb\/content-timeline\";i:0;s:27:\"uagb\/content-timeline-child\";i:0;s:14:\"uagb\/countdown\";i:0;s:12:\"uagb\/counter\";i:0;s:8:\"uagb\/faq\";i:0;s:14:\"uagb\/faq-child\";i:0;s:10:\"uagb\/forms\";i:0;s:17:\"uagb\/forms-accept\";i:0;s:19:\"uagb\/forms-checkbox\";i:0;s:15:\"uagb\/forms-date\";i:0;s:16:\"uagb\/forms-email\";i:0;s:17:\"uagb\/forms-hidden\";i:0;s:15:\"uagb\/forms-name\";i:0;s:16:\"uagb\/forms-phone\";i:0;s:16:\"uagb\/forms-radio\";i:0;s:17:\"uagb\/forms-select\";i:0;s:19:\"uagb\/forms-textarea\";i:0;s:17:\"uagb\/forms-toggle\";i:0;s:14:\"uagb\/forms-url\";i:0;s:14:\"uagb\/gf-styler\";i:0;s:15:\"uagb\/google-map\";i:0;s:11:\"uagb\/how-to\";i:0;s:16:\"uagb\/how-to-step\";i:0;s:9:\"uagb\/icon\";i:0;s:14:\"uagb\/icon-list\";i:0;s:20:\"uagb\/icon-list-child\";i:0;s:10:\"uagb\/image\";i:0;s:18:\"uagb\/image-gallery\";i:0;s:13:\"uagb\/info-box\";i:0;s:18:\"uagb\/inline-notice\";i:0;s:11:\"uagb\/lottie\";i:0;s:21:\"uagb\/marketing-button\";i:0;s:10:\"uagb\/modal\";i:0;s:18:\"uagb\/popup-builder\";i:0;s:16:\"uagb\/post-button\";i:0;s:18:\"uagb\/post-carousel\";i:0;s:17:\"uagb\/post-excerpt\";i:0;s:14:\"uagb\/post-grid\";i:0;s:15:\"uagb\/post-image\";i:0;s:17:\"uagb\/post-masonry\";i:0;s:14:\"uagb\/post-meta\";i:0;s:18:\"uagb\/post-taxonomy\";i:0;s:18:\"uagb\/post-timeline\";i:0;s:15:\"uagb\/post-title\";i:0;s:20:\"uagb\/restaurant-menu\";i:0;s:26:\"uagb\/restaurant-menu-child\";i:0;s:11:\"uagb\/review\";i:0;s:12:\"uagb\/section\";i:0;s:14:\"uagb\/separator\";i:0;s:11:\"uagb\/slider\";i:0;s:17:\"uagb\/slider-child\";i:0;s:17:\"uagb\/social-share\";i:0;s:23:\"uagb\/social-share-child\";i:0;s:16:\"uagb\/star-rating\";i:0;s:23:\"uagb\/sure-cart-checkout\";i:0;s:22:\"uagb\/sure-cart-product\";i:0;s:15:\"uagb\/sure-forms\";i:0;s:22:\"uagb\/table-of-contents\";i:0;s:9:\"uagb\/tabs\";i:0;s:15:\"uagb\/tabs-child\";i:0;s:18:\"uagb\/taxonomy-list\";i:0;s:9:\"uagb\/team\";i:0;s:16:\"uagb\/testimonial\";i:0;s:14:\"uagb\/wp-search\";i:0;s:19:\"uagb\/instagram-feed\";i:0;s:10:\"uagb\/login\";i:0;s:17:\"uagb\/loop-builder\";i:0;s:18:\"uagb\/loop-category\";i:0;s:20:\"uagb\/loop-pagination\";i:0;s:15:\"uagb\/loop-reset\";i:0;s:16:\"uagb\/loop-search\";i:0;s:14:\"uagb\/loop-sort\";i:0;s:17:\"uagb\/loop-wrapper\";i:0;s:13:\"uagb\/register\";i:0;s:19:\"uagb\/register-email\";i:0;s:24:\"uagb\/register-first-name\";i:0;s:23:\"uagb\/register-last-name\";i:0;s:22:\"uagb\/register-password\";i:0;s:30:\"uagb\/register-reenter-password\";i:0;s:19:\"uagb\/register-terms\";i:0;s:22:\"uagb\/register-username\";i:0;}"],"_uag_page_assets":["a:9:{s:3:\"css\";s:822:\" .uagb-block-42d173af .uagb-google-map__iframe{height: 300px;}@media only screen and (max-width: 976px) { .uagb-block-42d173af .uagb-google-map__iframe{height: 300px;}}@media only screen and (max-width: 767px) { .uagb-block-42d173af .uagb-google-map__iframe{height: 300px;}} .uagb-block-290a12d1 .uagb-google-map__iframe{height: 300px;}@media only screen and (max-width: 976px) { .uagb-block-290a12d1 .uagb-google-map__iframe{height: 300px;}}@media only screen and (max-width: 767px) { .uagb-block-290a12d1 .uagb-google-map__iframe{height: 300px;}} .uagb-block-46566f8f .uagb-google-map__iframe{height: 300px;}@media only screen and (max-width: 976px) { .uagb-block-46566f8f .uagb-google-map__iframe{height: 300px;}}@media only screen and (max-width: 767px) { .uagb-block-46566f8f .uagb-google-map__iframe{height: 300px;}}\";s:2:\"js\";s:0:\"\";s:18:\"current_block_list\";a:10:{i:0;s:10:\"core\/cover\";i:1;s:14:\"core\/paragraph\";i:2;s:12:\"core\/heading\";i:3;s:11:\"core\/search\";i:4;s:10:\"core\/group\";i:5;s:17:\"core\/latest-posts\";i:6;s:20:\"core\/latest-comments\";i:7;s:13:\"core\/archives\";i:8;s:15:\"core\/categories\";i:9;s:15:\"uagb\/google-map\";}s:8:\"uag_flag\";b:1;s:11:\"uag_version\";s:10:\"1778061121\";s:6:\"gfonts\";a:0:{}s:10:\"gfonts_url\";s:0:\"\";s:12:\"gfonts_files\";a:0:{}s:14:\"uag_faq_layout\";b:0;}"]},"uagb_featured_image_src":{"full":false,"thumbnail":false,"medium":false,"medium_large":false,"large":false,"1536x1536":false,"2048x2048":false,"trp-custom-language-flag":false},"uagb_author_info":{"display_name":"asinoamico","author_link":"https:\/\/www.asinoamico.it\/it\/author\/asinoamico\/"},"uagb_comment_info":0,"uagb_excerpt":"5 Promille f\u00fcr Asino Amico, deine Steuererkl\u00e4rung kann Gutes bewirken! Mit deiner Steuererkl\u00e4rung hast du die M\u00f6glichkeit, 5 Promille deiner Steuerabgaben einem Verein deiner Wahl zu widmen ohne zus\u00e4tzliche Kosten f\u00fcr dich. Wenn du dich entscheidest, Asino Amico mit diesem kleinen, aber wirkungsvollen Beitrag zu unterst\u00fctzen, hilfst du uns dabei, unsere tierischen Mitbewohner rundum gut&hellip;","_links":{"self":[{"href":"https:\/\/www.asinoamico.it\/it\/wp-json\/wp\/v2\/pages\/1192","targetHints":{"allow":["GET"]}}],"collection":[{"href":"https:\/\/www.asinoamico.it\/it\/wp-json\/wp\/v2\/pages"}],"about":[{"href":"https:\/\/www.asinoamico.it\/it\/wp-json\/wp\/v2\/types\/page"}],"author":[{"embeddable":true,"href":"https:\/\/www.asinoamico.it\/it\/wp-json\/wp\/v2\/users\/32"}],"replies":[{"embeddable":true,"href":"https:\/\/www.asinoamico.it\/it\/wp-json\/wp\/v2\/comments?post=1192"}],"version-history":[{"count":7,"href":"https:\/\/www.asinoamico.it\/it\/wp-json\/wp\/v2\/pages\/1192\/revisions"}],"predecessor-version":[{"id":2692,"href":"https:\/\/www.asinoamico.it\/it\/wp-json\/wp\/v2\/pages\/1192\/revisions\/2692"}],"wp:attachment":[{"href":"https:\/\/www.asinoamico.it\/it\/wp-json\/wp\/v2\/media?parent=1192"}],"curies":[{"name":"wp","href":"https:\/\/api.w.org\/{rel}","templated":true}]}}